{"id":36,"date":"2019-09-24T20:08:51","date_gmt":"2019-09-24T18:08:51","guid":{"rendered":"http:\/\/www.dallenogare.biz\/cours\/?page_id=36"},"modified":"2020-12-02T18:08:59","modified_gmt":"2020-12-02T17:08:59","slug":"a-propos","status":"publish","type":"page","link":"https:\/\/www.dallenogare.biz\/cours\/a-propos\/","title":{"rendered":"A propos"},"content":{"rendered":"<p>Trouvez ici, en cours d&rsquo;\u00e9laboration, des \u00e9l\u00e9ments de mon cours de religion catholique\/philosophie et citoyennet\u00e9 en cinqui\u00e8me et sixi\u00e8me ann\u00e9es de l&rsquo;enseignement secondaire en Belgique (\u00e9quivalent de la premi\u00e8re et de la terminale en France).<\/p>\n<p>Deux autres de mes blogs li\u00e9s \u00e0 mes cours de Techniques d&rsquo;Expression et de Communication dans la section Audio-Visuel sont en ligne : <strong><a href=\"http:\/\/5expression.wordpress.com\" target=\"_blank\" rel=\"noopener noreferrer\">celui de mon cours en cinqui\u00e8me <\/a><\/strong> &#8211; <a href=\"https:\/\/6expression.wordpress.com\/\" target=\"_blank\" rel=\"noopener noreferrer\"><strong>celui de mon cours de sixi\u00e8me<\/strong><\/a> .<\/p>\n<p>S&rsquo;\u00e9labore aussi un blog li\u00e9 \u00e0 mon cour de fran\u00e7ais en quatri\u00e8me (\u00e9quivalent en France de la seconde) : <a href=\"http:\/\/www.dallenogare.biz\/fr4\/\" target=\"_blank\" rel=\"noopener noreferrer\"><strong>ici<\/strong><\/a>.<\/p>\n<p>Mon site personnel : <strong><a href=\"http:\/\/dallenogare.info\" target=\"_blank\" rel=\"noopener noreferrer\">ici<\/a><\/strong><\/p>\n","protected":false},"excerpt":{"rendered":"<p>Trouvez ici, en cours d&rsquo;\u00e9laboration, des \u00e9l\u00e9ments de mon cours de religion catholique\/philosophie et citoyennet\u00e9 en cinqui\u00e8me et sixi\u00e8me ann\u00e9es &hellip; <a class=\"more-link\" href=\"https:\/\/www.dallenogare.biz\/cours\/a-propos\/\">Plus<\/a><\/p>\n","protected":false},"author":1,"featured_media":0,"parent":0,"menu_order":0,"comment_status":"closed","ping_status":"closed","template":"","meta":{"footnotes":""},"class_list":["post-36","page","type-page","status-publish","hentry",""],"jetpack_sharing_enabled":true,"_links":{"self":[{"href":"https:\/\/www.dallenogare.biz\/cours\/wp-json\/wp\/v2\/pages\/36","targetHints":{"allow":["GET"]}}],"collection":[{"href":"https:\/\/www.dallenogare.biz\/cours\/wp-json\/wp\/v2\/pages"}],"about":[{"href":"https:\/\/www.dallenogare.biz\/cours\/wp-json\/wp\/v2\/types\/page"}],"author":[{"embeddable":true,"href":"https:\/\/www.dallenogare.biz\/cours\/wp-json\/wp\/v2\/users\/1"}],"replies":[{"embeddable":true,"href":"https:\/\/www.dallenogare.biz\/cours\/wp-json\/wp\/v2\/comments?post=36"}],"version-history":[{"count":7,"href":"https:\/\/www.dallenogare.biz\/cours\/wp-json\/wp\/v2\/pages\/36\/revisions"}],"predecessor-version":[{"id":1525,"href":"https:\/\/www.dallenogare.biz\/cours\/wp-json\/wp\/v2\/pages\/36\/revisions\/1525"}],"wp:attachment":[{"href":"https:\/\/www.dallenogare.biz\/cours\/wp-json\/wp\/v2\/media?parent=36"}],"curies":[{"name":"wp","href":"https:\/\/api.w.org\/{rel}","templated":true}]}}