{"id":19,"date":"2019-09-25T07:34:26","date_gmt":"2019-09-25T05:34:26","guid":{"rendered":"http:\/\/www.dallenogare.biz\/fr4\/?page_id=19"},"modified":"2020-12-02T18:09:58","modified_gmt":"2020-12-02T17:09:58","slug":"a-propos","status":"publish","type":"page","link":"https:\/\/www.dallenogare.biz\/fr4\/a-propos\/","title":{"rendered":"A propos"},"content":{"rendered":"<p>Ce blog reprend, \u00e0 partir de septembre 2019, le cours de fran\u00e7ais que je donne, en Belgique, en quatri\u00e8me secondaire (g\u00e9n\u00e9ral et technique de transition). En France, l&rsquo;\u00e9quivalent est la seconde.<\/p>\n<p>Deux autres de mes blogs, li\u00e9s \u00e0 mes cours de Techniques d&rsquo;Expression et de Communication dans la section\u00a0 technique de transition Audio-Visuel, sont en ligne : <strong><a href=\"http:\/\/5expression.wordpress.com\" target=\"_blank\" rel=\"noopener noreferrer\">celui de mon cours de cinqui\u00e8me <\/a><\/strong>(\u00e9quivalent de la premi\u00e8re en France) &#8211; <a href=\"https:\/\/6expression.wordpress.com\/\" target=\"_blank\" rel=\"noopener noreferrer\"><strong>celui de mon cours de sixi\u00e8me<\/strong><\/a> (\u00e9quivalent de la terminale en France).<\/p>\n<p>S&rsquo;\u00e9labore aussi un blog li\u00e9 \u00e0 mes cours de religion catholique en cinqui\u00e8me et sixi\u00e8me : <a href=\"http:\/\/dallenogare.biz\/cours\" target=\"_blank\" rel=\"noopener noreferrer\"><strong>ici<\/strong><\/a>.<\/p>\n<p>Mon site personnel : <strong><a href=\"http:\/\/dallenogare.info\" target=\"_blank\" rel=\"noopener noreferrer\">ici<\/a><\/strong><\/p>\n","protected":false},"excerpt":{"rendered":"<p>Ce blog reprend, \u00e0 partir de septembre 2019, le cours de fran\u00e7ais que je donne, en Belgique, en quatri\u00e8me secondaire &hellip; <a class=\"more-link\" href=\"https:\/\/www.dallenogare.biz\/fr4\/a-propos\/\">Plus<\/a><\/p>\n","protected":false},"author":1,"featured_media":0,"parent":0,"menu_order":0,"comment_status":"closed","ping_status":"closed","template":"","meta":{"footnotes":""},"class_list":["post-19","page","type-page","status-publish","hentry",""],"jetpack_sharing_enabled":true,"_links":{"self":[{"href":"https:\/\/www.dallenogare.biz\/fr4\/wp-json\/wp\/v2\/pages\/19","targetHints":{"allow":["GET"]}}],"collection":[{"href":"https:\/\/www.dallenogare.biz\/fr4\/wp-json\/wp\/v2\/pages"}],"about":[{"href":"https:\/\/www.dallenogare.biz\/fr4\/wp-json\/wp\/v2\/types\/page"}],"author":[{"embeddable":true,"href":"https:\/\/www.dallenogare.biz\/fr4\/wp-json\/wp\/v2\/users\/1"}],"replies":[{"embeddable":true,"href":"https:\/\/www.dallenogare.biz\/fr4\/wp-json\/wp\/v2\/comments?post=19"}],"version-history":[{"count":5,"href":"https:\/\/www.dallenogare.biz\/fr4\/wp-json\/wp\/v2\/pages\/19\/revisions"}],"predecessor-version":[{"id":1663,"href":"https:\/\/www.dallenogare.biz\/fr4\/wp-json\/wp\/v2\/pages\/19\/revisions\/1663"}],"wp:attachment":[{"href":"https:\/\/www.dallenogare.biz\/fr4\/wp-json\/wp\/v2\/media?parent=19"}],"curies":[{"name":"wp","href":"https:\/\/api.w.org\/{rel}","templated":true}]}}